{"id":3,"date":"2024-01-30T10:26:08","date_gmt":"2024-01-30T09:26:08","guid":{"rendered":"http:\/\/server3.masterhomepage.ch\/~medicalnova\/?page_id=3"},"modified":"2025-07-03T07:54:34","modified_gmt":"2025-07-03T05:54:34","slug":"data-protection-declaration","status":"publish","type":"page","link":"https:\/\/cms-webdesign.ch\/medical\/en\/datenschutzerklaerung\/","title":{"rendered":"Privacy policy"},"content":{"rendered":"<div data-elementor-type=\"wp-page\" data-elementor-id=\"3\" class=\"elementor elementor-3\" data-elementor-post-type=\"page\">\n\t\t\t\t<div class=\"elementor-element elementor-element-6232af58 e-flex e-con-boxed e-con e-parent\" data-id=\"6232af58\" data-element_type=\"container\" data-e-type=\"container\">\n\t\t\t\t\t<div class=\"e-con-inner\">\n\t\t\t\t<div class=\"elementor-element elementor-element-6387303f elementor-widget elementor-widget-text-editor\" data-id=\"6387303f\" data-element_type=\"widget\" data-e-type=\"widget\" data-widget_type=\"text-editor.default\">\n\t\t\t\t\t\t\t\t\t<h3><span style=\"font-style: inherit; font-weight: inherit; color: var(--ast-global-color-0); text-decoration-line: initial; text-align: var(--text-align); background-color: var( --e-global-color-astglobalcolor5 ); letter-spacing: 0.8px;\">Privacy policy<\/span><\/h3>\n<div><span style=\"font-style: inherit; font-weight: inherit; color: var(--ast-global-color-0); text-decoration-line: initial; text-align: var(--text-align); background-color: var( --e-global-color-astglobalcolor5 ); letter-spacing: 0.8px;\">&nbsp;<\/span><\/div>\n<p>We, Medical NOVA, Feldstrasse 53, 8180 B\u00fclach Zurich Switzerland, take data protection seriously and provide you with information about the collection, storage and possible use of personal data on our website in the following declaration. Medical NOVA GmbH is the controller within the meaning of data protection legislation and processes your data. This declaration applies to all services offered and operated by us in connection with our website <a href=\"https:\/\/cms-webdesign.ch\/medical\/en\/\">medicalnova.ch<\/a>. It applies accordingly to mobile devices or offers and presences adapted to other platforms.<br><br><\/p>\n<p><strong>Personal data<\/strong><\/p>\n<p>Personal data is any information relating to an identified or identifiable natural person, such as name, address, e-mail address, telephone number or IP address.<\/p><p><br><\/p>\n<p><strong>Automatically transmitted usage data<\/strong><\/p>\n<p>The following data is automatically collected when you visit our website:<\/p>\n<ul>\n<li>Date and time of access<\/li>\n<li>URL of the referring website<\/li>\n<li>Retrieved file<\/li>\n<li>Amount of data sent<\/li>\n<li>Host name of the accessing computer (IP address)<\/li>\n<li>Browser type and version<\/li>\n<li>Operating system<\/li>\n<\/ul>\n<p><span style=\"font-style: inherit; font-weight: inherit; text-align: var(--text-align); background-color: var( --e-global-color-astglobalcolor5 ); color: var(--ast-global-color-0); letter-spacing: 0.8px; text-decoration-line: initial;\">&nbsp;<\/span><\/p>\n<p><strong>Data collected and processed through your details<\/strong><\/p>\n<p>In principle, you can use our website without providing us with any further personal data. Personal data is only collected if you have given your consent.<br><br><\/p>\n<p><strong>SSL encryption<\/strong><\/p>\n<p>To ensure the security of your data, we use SSL encryption via HTTPS.<br><br><\/p>\n<p><strong>Newsletter<\/strong><\/p>\n<p>If you subscribe to our newsletter, we need your name and e-mail address. The registration takes place via the double opt-in procedure. You can unsubscribe from the newsletter at any time.<br><br><\/p>\n<p><strong>Cookies<\/strong><\/p>\n<p>Our website uses cookies to make it more user-friendly. You can set your browser so that cookies are only permitted in individual cases or are generally excluded.<br><br><\/p>\n<p><strong>Google Analytics &amp; advertising services<\/strong><\/p>\n<p>Our website uses Google Analytics, Google AdWords, Google AdSense and remarketing services to analyse and optimise advertising measures. You can find details on use and objection options in Google's privacy policy (<a href=\"https:\/\/www.google.com\/policies\/privacy\/\">https:\/\/www.google.com\/policies\/privacy\/<\/a>).<br><br><\/p>\n<p><strong>Online booking of appointments<\/strong><\/p>\n<p>When you book an appointment, we collect your name, address, e-mail address, mobile phone number and other necessary information. This data is used exclusively for appointment planning.<br><br><\/p>\n<p><strong>Further information<\/strong><\/p>\n<p>Our privacy policy also includes details on:<\/p>\n<ul>\n<li>Sending e-mails and SMS messages<\/li>\n<li>Facebook Custom Audiences<\/li>\n<li>Web fonts from Monotype and Google<\/li>\n<li>Data security and child data protection<br><br><\/li>\n<\/ul>\n<p><strong>Your rights<\/strong><\/p>\n<p>You have the right to obtain information about the stored data and to have it corrected or deleted. Please contact us at:<\/p>\n<p>Medical NOVA GmbH<br>Feldstrasse 53<br>8180 B\u00fclach<br>Switzerland<br>e-mail: <a href=\"mai&#108;&#116;&#111;&#x3a;&#x69;&#x6e;&#x66;&#x6f;&#x40;med&#105;&#99;&#97;&#108;&#x6e;&#x6f;&#x76;&#x61;&#x2e;&#x63;h\" data-no-translation=\"\">&#x69;&#110;f&#x6f;&#64;m&#x65;&#x64;&#105;&#x63;&#x61;&#108;n&#x6f;&#118;a&#x2e;&#x63;&#104;<\/a><\/p>\t\t\t\t\t\t\t\t<\/div>\n\t\t\t\t\t<\/div>\n\t\t\t\t<\/div>\n\t\t<div class=\"elementor-element elementor-element-d4edb9a e-flex e-con-boxed e-con e-parent\" data-id=\"d4edb9a\" data-element_type=\"container\" data-e-type=\"container\">\n\t\t\t\t\t<div class=\"e-con-inner\">\n\t\t\t\t<div class=\"elementor-element elementor-element-ef61039 elementor-widget elementor-widget-spacer\" data-id=\"ef61039\" data-element_type=\"widget\" data-e-type=\"widget\" data-widget_type=\"spacer.default\">\n\t\t\t\t\t\t\t<div class=\"elementor-spacer\">\n\t\t\t<div class=\"elementor-spacer-inner\"><\/div>\n\t\t<\/div>\n\t\t\t\t\t\t<\/div>\n\t\t\t\t\t<\/div>\n\t\t\t\t<\/div>\n\t\t\t\t<\/div>","protected":false},"excerpt":{"rendered":"<p>Data protection declaration We, Medical NOVA, Feldstrasse 53, 8180 B\u00fclach Zurich Switzerland, take data protection seriously and provide you with information in the following declaration about the collection, storage and possible use of personal data on our website. Medical NOVA GmbH is the data controller within the meaning of data protection legislation and processes your data. This declaration applies to all services offered and operated by us in connection with our website medicalnova.ch. You ...<\/p>","protected":false},"author":1,"featured_media":0,"parent":0,"menu_order":0,"comment_status":"closed","ping_status":"closed","template":"","meta":{"site-sidebar-layout":"default","site-content-layout":"","ast-site-content-layout":"default","site-content-style":"default","site-sidebar-style":"default","ast-global-header-display":"","ast-banner-title-visibility":"","ast-main-header-display":"","ast-hfb-above-header-display":"","ast-hfb-below-header-display":"","ast-hfb-mobile-header-display":"","site-post-title":"","ast-breadcrumbs-content":"","ast-featured-img":"","footer-sml-layout":"","ast-disable-related-posts":"","theme-transparent-header-meta":"default","adv-header-id-meta":"","stick-header-meta":"default","header-above-stick-meta":"","header-main-stick-meta":"","header-below-stick-meta":"","astra-migrate-meta-layouts":"set","ast-page-background-enabled":"default","ast-page-background-meta":{"desktop":{"background-color":"var(--ast-global-color-4)","background-image":"","background-repeat":"repeat","background-position":"center center","background-size":"auto","background-attachment":"scroll","background-type":"","background-media":"","overlay-type":"","overlay-color":"","overlay-opacity":"","overlay-gradient":""},"tablet":{"background-color":"","background-image":"","background-repeat":"repeat","background-position":"center center","background-size":"auto","background-attachment":"scroll","background-type":"","background-media":"","overlay-type":"","overlay-color":"","overlay-opacity":"","overlay-gradient":""},"mobile":{"background-color":"","background-image":"","background-repeat":"repeat","background-position":"center center","background-size":"auto","background-attachment":"scroll","background-type":"","background-media":"","overlay-type":"","overlay-color":"","overlay-opacity":"","overlay-gradient":""}},"ast-content-background-meta":{"desktop":{"background-color":"var(--ast-global-color-5)","background-image":"","background-repeat":"repeat","background-position":"center center","background-size":"auto","background-attachment":"scroll","background-type":"","background-media":"","overlay-type":"","overlay-color":"","overlay-opacity":"","overlay-gradient":""},"tablet":{"background-color":"var(--ast-global-color-5)","background-image":"","background-repeat":"repeat","background-position":"center center","background-size":"auto","background-attachment":"scroll","background-type":"","background-media":"","overlay-type":"","overlay-color":"","overlay-opacity":"","overlay-gradient":""},"mobile":{"background-color":"var(--ast-global-color-5)","background-image":"","background-repeat":"repeat","background-position":"center center","background-size":"auto","background-attachment":"scroll","background-type":"","background-media":"","overlay-type":"","overlay-color":"","overlay-opacity":"","overlay-gradient":""}},"footnotes":""},"class_list":["post-3","page","type-page","status-publish","hentry"],"yoast_head":"<!-- This site is optimized with the Yoast SEO plugin v27.3 - https:\/\/yoast.com\/product\/yoast-seo-wordpress\/ -->\n<title>Datenschutzerkl\u00e4rung - Medical NOVA<\/title>\n<meta name=\"robots\" content=\"noindex, follow\" \/>\n<meta property=\"og:locale\" content=\"en_GB\" \/>\n<meta property=\"og:type\" content=\"article\" \/>\n<meta property=\"og:title\" content=\"Datenschutzerkl\u00e4rung - Medical NOVA\" \/>\n<meta property=\"og:description\" content=\"Datenschutzerkl\u00e4rung &nbsp; Wir, die Medical NOVA, Feldstrasse 53, 8180 B\u00fclach Z\u00fcrich Schweiz, nehmen Datenschutz ernst und geben Ihnen in der folgenden Erkl\u00e4rung Auskunft \u00fcber die Erhebung, Speicherung und etwaige Verwendung personenbezogener Daten auf unserer Website. Die Medical NOVA GmbH ist verantwortliche Stelle im Sinne der Datenschutzgesetze und verarbeitet Ihre Daten. Diese Erkl\u00e4rung gilt f\u00fcr alle von uns angebotenen und betriebenen Dienste und Leistungen im Zusammenhang mit unserer Website medicalnova.ch. Sie ...\" \/>\n<meta property=\"og:url\" content=\"https:\/\/cms-webdesign.ch\/medical\/en\/data-protection-declaration\/\" \/>\n<meta property=\"og:site_name\" content=\"Medical NOVA\" \/>\n<meta property=\"article:modified_time\" content=\"2025-07-03T05:54:34+00:00\" \/>\n<meta name=\"twitter:card\" content=\"summary_large_image\" \/>\n<meta name=\"twitter:label1\" content=\"Est. reading time\" \/>\n\t<meta name=\"twitter:data1\" content=\"2 minutes\" \/>\n<script type=\"application\/ld+json\" class=\"yoast-schema-graph\">{\"@context\":\"https:\\\/\\\/schema.org\",\"@graph\":[{\"@type\":\"WebPage\",\"@id\":\"https:\\\/\\\/cms-webdesign.ch\\\/medical\\\/datenschutzerklaerung\\\/\",\"url\":\"https:\\\/\\\/cms-webdesign.ch\\\/medical\\\/datenschutzerklaerung\\\/\",\"name\":\"Datenschutzerkl\u00e4rung - Medical NOVA\",\"isPartOf\":{\"@id\":\"https:\\\/\\\/cms-webdesign.ch\\\/medical\\\/#website\"},\"datePublished\":\"2024-01-30T09:26:08+00:00\",\"dateModified\":\"2025-07-03T05:54:34+00:00\",\"breadcrumb\":{\"@id\":\"https:\\\/\\\/cms-webdesign.ch\\\/medical\\\/datenschutzerklaerung\\\/#breadcrumb\"},\"inLanguage\":\"en-GB\",\"potentialAction\":[{\"@type\":\"ReadAction\",\"target\":[\"https:\\\/\\\/cms-webdesign.ch\\\/medical\\\/datenschutzerklaerung\\\/\"]}]},{\"@type\":\"BreadcrumbList\",\"@id\":\"https:\\\/\\\/cms-webdesign.ch\\\/medical\\\/datenschutzerklaerung\\\/#breadcrumb\",\"itemListElement\":[{\"@type\":\"ListItem\",\"position\":1,\"name\":\"Startseite\",\"item\":\"https:\\\/\\\/cms-webdesign.ch\\\/medical\\\/\"},{\"@type\":\"ListItem\",\"position\":2,\"name\":\"Datenschutzerkl\u00e4rung\"}]},{\"@type\":\"WebSite\",\"@id\":\"https:\\\/\\\/cms-webdesign.ch\\\/medical\\\/#website\",\"url\":\"https:\\\/\\\/cms-webdesign.ch\\\/medical\\\/\",\"name\":\"Medical NOVA\",\"description\":\"Ihre Experten f\u00fcr Sch\u00f6nheitsbehandlungen\",\"potentialAction\":[{\"@type\":\"SearchAction\",\"target\":{\"@type\":\"EntryPoint\",\"urlTemplate\":\"https:\\\/\\\/cms-webdesign.ch\\\/medical\\\/?s={search_term_string}\"},\"query-input\":{\"@type\":\"PropertyValueSpecification\",\"valueRequired\":true,\"valueName\":\"search_term_string\"}}],\"inLanguage\":\"en-GB\"}]}<\/script>\n<!-- \/ Yoast SEO plugin. -->","yoast_head_json":{"title":"Privacy policy - Medical NOVA","robots":{"index":"noindex","follow":"follow"},"og_locale":"en_GB","og_type":"article","og_title":"Datenschutzerkl\u00e4rung - Medical NOVA","og_description":"Datenschutzerkl\u00e4rung &nbsp; Wir, die Medical NOVA, Feldstrasse 53, 8180 B\u00fclach Z\u00fcrich Schweiz, nehmen Datenschutz ernst und geben Ihnen in der folgenden Erkl\u00e4rung Auskunft \u00fcber die Erhebung, Speicherung und etwaige Verwendung personenbezogener Daten auf unserer Website. Die Medical NOVA GmbH ist verantwortliche Stelle im Sinne der Datenschutzgesetze und verarbeitet Ihre Daten. Diese Erkl\u00e4rung gilt f\u00fcr alle von uns angebotenen und betriebenen Dienste und Leistungen im Zusammenhang mit unserer Website medicalnova.ch. Sie ...","og_url":"https:\/\/cms-webdesign.ch\/medical\/en\/data-protection-declaration\/","og_site_name":"Medical NOVA","article_modified_time":"2025-07-03T05:54:34+00:00","twitter_card":"summary_large_image","twitter_misc":{"Est. reading time":"2 minutes"},"schema":{"@context":"https:\/\/schema.org","@graph":[{"@type":"WebPage","@id":"https:\/\/cms-webdesign.ch\/medical\/datenschutzerklaerung\/","url":"https:\/\/cms-webdesign.ch\/medical\/datenschutzerklaerung\/","name":"Privacy policy - Medical NOVA","isPartOf":{"@id":"https:\/\/cms-webdesign.ch\/medical\/#website"},"datePublished":"2024-01-30T09:26:08+00:00","dateModified":"2025-07-03T05:54:34+00:00","breadcrumb":{"@id":"https:\/\/cms-webdesign.ch\/medical\/datenschutzerklaerung\/#breadcrumb"},"inLanguage":"en-GB","potentialAction":[{"@type":"ReadAction","target":["https:\/\/cms-webdesign.ch\/medical\/datenschutzerklaerung\/"]}]},{"@type":"BreadcrumbList","@id":"https:\/\/cms-webdesign.ch\/medical\/datenschutzerklaerung\/#breadcrumb","itemListElement":[{"@type":"ListItem","position":1,"name":"Startseite","item":"https:\/\/cms-webdesign.ch\/medical\/"},{"@type":"ListItem","position":2,"name":"Datenschutzerkl\u00e4rung"}]},{"@type":"WebSite","@id":"https:\/\/cms-webdesign.ch\/medical\/#website","url":"https:\/\/cms-webdesign.ch\/medical\/","name":"Medical NOVA","description":"Your experts for beauty treatments","potentialAction":[{"@type":"SearchAction","target":{"@type":"EntryPoint","urlTemplate":"https:\/\/cms-webdesign.ch\/medical\/?s={search_term_string}"},"query-input":{"@type":"PropertyValueSpecification","valueRequired":true,"valueName":"search_term_string"}}],"inLanguage":"en-GB"}]}},"_links":{"self":[{"href":"https:\/\/cms-webdesign.ch\/medical\/en\/wp-json\/wp\/v2\/pages\/3","targetHints":{"allow":["GET"]}}],"collection":[{"href":"https:\/\/cms-webdesign.ch\/medical\/en\/wp-json\/wp\/v2\/pages"}],"about":[{"href":"https:\/\/cms-webdesign.ch\/medical\/en\/wp-json\/wp\/v2\/types\/page"}],"author":[{"embeddable":true,"href":"https:\/\/cms-webdesign.ch\/medical\/en\/wp-json\/wp\/v2\/users\/1"}],"replies":[{"embeddable":true,"href":"https:\/\/cms-webdesign.ch\/medical\/en\/wp-json\/wp\/v2\/comments?post=3"}],"version-history":[{"count":0,"href":"https:\/\/cms-webdesign.ch\/medical\/en\/wp-json\/wp\/v2\/pages\/3\/revisions"}],"wp:attachment":[{"href":"https:\/\/cms-webdesign.ch\/medical\/en\/wp-json\/wp\/v2\/media?parent=3"}],"curies":[{"name":"wp","href":"https:\/\/api.w.org\/{rel}","templated":true}]}}