{"id":7160,"date":"2025-07-17T14:25:13","date_gmt":"2025-07-17T12:25:13","guid":{"rendered":"https:\/\/medicalnova.ch\/?page_id=7160"},"modified":"2025-11-03T09:52:27","modified_gmt":"2025-11-03T08:52:27","slug":"team","status":"publish","type":"page","link":"https:\/\/cms-webdesign.ch\/medical\/en\/team\/","title":{"rendered":"Team"},"content":{"rendered":"\t\t<div data-elementor-type=\"wp-page\" data-elementor-id=\"7160\" class=\"elementor elementor-7160\" data-elementor-post-type=\"page\">\n\t\t\t\t<div class=\"elementor-element elementor-element-c9c0a30 e-flex e-con-boxed e-con e-parent\" data-id=\"c9c0a30\" data-element_type=\"container\" data-e-type=\"container\">\n\t\t\t\t\t<div class=\"e-con-inner\">\n\t\t\t\t<div class=\"elementor-element elementor-element-4bac64a7 elementor-widget elementor-widget-heading\" data-id=\"4bac64a7\" data-element_type=\"widget\" data-e-type=\"widget\" data-widget_type=\"heading.default\">\n\t\t\t\t\t<h1 class=\"elementor-heading-title elementor-size-default\">Team<\/h1>\t\t\t\t<\/div>\n\t\t\t\t\t<\/div>\n\t\t\t\t<\/div>\n\t\t<div class=\"elementor-element elementor-element-4c5bda4 e-flex e-con-boxed e-con e-parent\" data-id=\"4c5bda4\" data-element_type=\"container\" data-e-type=\"container\" data-settings=\"{&quot;background_background&quot;:&quot;classic&quot;}\">\n\t\t\t\t\t<div class=\"e-con-inner\">\n\t\t<div class=\"elementor-element elementor-element-61edb9ef e-flex e-con-boxed e-con e-child\" data-id=\"61edb9ef\" data-element_type=\"container\" data-e-type=\"container\">\n\t\t\t\t\t<div class=\"e-con-inner\">\n\t\t\t\t<div class=\"elementor-element elementor-element-75d4bff elementor-widget elementor-widget-jet-listing-grid\" data-id=\"75d4bff\" data-element_type=\"widget\" data-e-type=\"widget\" data-settings=\"{&quot;columns_tablet&quot;:&quot;2&quot;,&quot;columns_mobile&quot;:&quot;1&quot;,&quot;columns&quot;:&quot;2&quot;}\" data-widget_type=\"jet-listing-grid.default\">\n\t\t\t\t\t<div class=\"jet-listing-grid jet-listing\"><div class=\"jet-listing-not-found jet-listing-grid__items\" data-nav=\"{&quot;enabled&quot;:false,&quot;type&quot;:null,&quot;more_el&quot;:null,&quot;query&quot;:[],&quot;widget_settings&quot;:{&quot;lisitng_id&quot;:7373,&quot;posts_num&quot;:6,&quot;columns&quot;:2,&quot;columns_tablet&quot;:2,&quot;columns_mobile&quot;:1,&quot;column_min_width&quot;:240,&quot;column_min_width_tablet&quot;:240,&quot;column_min_width_mobile&quot;:240,&quot;inline_columns_css&quot;:false,&quot;is_archive_template&quot;:&quot;&quot;,&quot;post_status&quot;:[&quot;publish&quot;],&quot;use_random_posts_num&quot;:&quot;&quot;,&quot;max_posts_num&quot;:9,&quot;not_found_message&quot;:&quot;No data was found&quot;,&quot;is_masonry&quot;:false,&quot;equal_columns_height&quot;:&quot;yes&quot;,&quot;use_load_more&quot;:&quot;&quot;,&quot;load_more_id&quot;:&quot;&quot;,&quot;load_more_type&quot;:&quot;click&quot;,&quot;load_more_offset&quot;:null,&quot;use_custom_post_types&quot;:&quot;&quot;,&quot;custom_post_types&quot;:[],&quot;hide_widget_if&quot;:&quot;&quot;,&quot;carousel_enabled&quot;:&quot;&quot;,&quot;slides_to_scroll&quot;:&quot;1&quot;,&quot;arrows&quot;:&quot;true&quot;,&quot;arrow_icon&quot;:&quot;fa fa-angle-left&quot;,&quot;dots&quot;:&quot;&quot;,&quot;autoplay&quot;:&quot;true&quot;,&quot;pause_on_hover&quot;:&quot;true&quot;,&quot;autoplay_speed&quot;:5000,&quot;infinite&quot;:&quot;true&quot;,&quot;center_mode&quot;:&quot;&quot;,&quot;effect&quot;:&quot;slide&quot;,&quot;speed&quot;:500,&quot;inject_alternative_items&quot;:&quot;&quot;,&quot;injection_items&quot;:[],&quot;scroll_slider_enabled&quot;:&quot;&quot;,&quot;scroll_slider_on&quot;:[&quot;desktop&quot;,&quot;tablet&quot;,&quot;mobile&quot;],&quot;custom_query&quot;:false,&quot;custom_query_id&quot;:&quot;&quot;,&quot;_element_id&quot;:&quot;&quot;,&quot;collapse_first_last_gap&quot;:false,&quot;list_tag_selection&quot;:&quot;&quot;,&quot;list_items_wrapper_tag&quot;:&quot;div&quot;,&quot;list_item_tag&quot;:&quot;div&quot;,&quot;empty_items_wrapper_tag&quot;:&quot;div&quot;}}\" data-listing-source=\"users\" data-listing-id=\"7373\" data-query-id=\"\" data-queried-id=\"7160|WP_Post\">No data was found<\/div><\/div>\t\t\t\t<\/div>\n\t\t\t\t\t<\/div>\n\t\t\t\t<\/div>\n\t\t\t\t\t<\/div>\n\t\t\t\t<\/div>\n\t\t\t\t<\/div>\n\t\t","protected":false},"excerpt":{"rendered":"<p>Team Medical director at Medical NOVA GmbH Specialist in ophthalmology and optometry Ophthalmic surgeon Specialist in aesthetic medicine More info<\/p>","protected":false},"author":1,"featured_media":0,"parent":0,"menu_order":0,"comment_status":"closed","ping_status":"closed","template":"","meta":{"site-sidebar-layout":"no-sidebar","site-content-layout":"page-builder","ast-site-content-layout":"full-width-container","site-content-style":"default","site-sidebar-style":"unboxed","ast-global-header-display":"","ast-banner-title-visibility":"","ast-main-header-display":"","ast-hfb-above-header-display":"","ast-hfb-below-header-display":"","ast-hfb-mobile-header-display":"","site-post-title":"disabled","ast-breadcrumbs-content":"","ast-featured-img":"","footer-sml-layout":"","ast-disable-related-posts":"","theme-transparent-header-meta":"disabled","adv-header-id-meta":"","stick-header-meta":"enabled","header-above-stick-meta":"","header-main-stick-meta":"","header-below-stick-meta":"","astra-migrate-meta-layouts":"set","ast-page-background-enabled":"default","ast-page-background-meta":{"desktop":{"background-color":"var(--ast-global-color-4)","background-image":"","background-repeat":"repeat","background-position":"center center","background-size":"auto","background-attachment":"scroll","background-type":"","background-media":"","overlay-type":"","overlay-color":"","overlay-opacity":"","overlay-gradient":""},"tablet":{"background-color":"","background-image":"","background-repeat":"repeat","background-position":"center center","background-size":"auto","background-attachment":"scroll","background-type":"","background-media":"","overlay-type":"","overlay-color":"","overlay-opacity":"","overlay-gradient":""},"mobile":{"background-color":"","background-image":"","background-repeat":"repeat","background-position":"center center","background-size":"auto","background-attachment":"scroll","background-type":"","background-media":"","overlay-type":"","overlay-color":"","overlay-opacity":"","overlay-gradient":""}},"ast-content-background-meta":{"desktop":{"background-color":"var(--ast-global-color-5)","background-image":"","background-repeat":"repeat","background-position":"center center","background-size":"auto","background-attachment":"scroll","background-type":"","background-media":"","overlay-type":"","overlay-color":"","overlay-opacity":"","overlay-gradient":""},"tablet":{"background-color":"var(--ast-global-color-5)","background-image":"","background-repeat":"repeat","background-position":"center center","background-size":"auto","background-attachment":"scroll","background-type":"","background-media":"","overlay-type":"","overlay-color":"","overlay-opacity":"","overlay-gradient":""},"mobile":{"background-color":"var(--ast-global-color-5)","background-image":"","background-repeat":"repeat","background-position":"center center","background-size":"auto","background-attachment":"scroll","background-type":"","background-media":"","overlay-type":"","overlay-color":"","overlay-opacity":"","overlay-gradient":""}},"footnotes":""},"class_list":["post-7160","page","type-page","status-publish","hentry"],"yoast_head":"<!-- This site is optimized with the Yoast SEO plugin v27.3 - https:\/\/yoast.com\/product\/yoast-seo-wordpress\/ -->\n<title>Team - Medical NOVA<\/title>\n<meta name=\"robots\" content=\"index, follow, max-snippet:-1, max-image-preview:large, max-video-preview:-1\" \/>\n<link rel=\"canonical\" href=\"https:\/\/cms-webdesign.ch\/medical\/en\/team\/\" \/>\n<meta property=\"og:locale\" content=\"en_GB\" \/>\n<meta property=\"og:type\" content=\"article\" \/>\n<meta property=\"og:title\" content=\"Team - Medical NOVA\" \/>\n<meta property=\"og:description\" content=\"Team \u00c4rztliche Leiterin bei Medical NOVA GmbH Fach\u00e4rztin f\u00fcr Augenheilkunde und Optometrie Ophthalmochirurgin Spezialistin f\u00fcr \u00c4sthetische Medizin Mehr Info\" \/>\n<meta property=\"og:url\" content=\"https:\/\/cms-webdesign.ch\/medical\/en\/team\/\" \/>\n<meta property=\"og:site_name\" content=\"Medical NOVA\" \/>\n<meta property=\"article:modified_time\" content=\"2025-11-03T08:52:27+00:00\" \/>\n<meta property=\"og:image\" content=\"https:\/\/cms-webdesign.ch\/medical\/wp-content\/uploads\/2025\/07\/DrTukezbanHuseynova.jpg\" \/>\n<meta name=\"twitter:card\" content=\"summary_large_image\" \/>\n<meta name=\"twitter:label1\" content=\"Est. reading time\" \/>\n\t<meta name=\"twitter:data1\" content=\"1 minute\" \/>\n<script type=\"application\/ld+json\" class=\"yoast-schema-graph\">{\"@context\":\"https:\\\/\\\/schema.org\",\"@graph\":[{\"@type\":\"WebPage\",\"@id\":\"https:\\\/\\\/cms-webdesign.ch\\\/medical\\\/team\\\/\",\"url\":\"https:\\\/\\\/cms-webdesign.ch\\\/medical\\\/team\\\/\",\"name\":\"Team - Medical NOVA\",\"isPartOf\":{\"@id\":\"https:\\\/\\\/cms-webdesign.ch\\\/medical\\\/#website\"},\"primaryImageOfPage\":{\"@id\":\"https:\\\/\\\/cms-webdesign.ch\\\/medical\\\/team\\\/#primaryimage\"},\"image\":{\"@id\":\"https:\\\/\\\/cms-webdesign.ch\\\/medical\\\/team\\\/#primaryimage\"},\"thumbnailUrl\":\"https:\\\/\\\/cms-webdesign.ch\\\/medical\\\/wp-content\\\/uploads\\\/2025\\\/07\\\/DrTukezbanHuseynova.jpg\",\"datePublished\":\"2025-07-17T12:25:13+00:00\",\"dateModified\":\"2025-11-03T08:52:27+00:00\",\"breadcrumb\":{\"@id\":\"https:\\\/\\\/cms-webdesign.ch\\\/medical\\\/team\\\/#breadcrumb\"},\"inLanguage\":\"en-GB\",\"potentialAction\":[{\"@type\":\"ReadAction\",\"target\":[\"https:\\\/\\\/cms-webdesign.ch\\\/medical\\\/team\\\/\"]}]},{\"@type\":\"ImageObject\",\"inLanguage\":\"en-GB\",\"@id\":\"https:\\\/\\\/cms-webdesign.ch\\\/medical\\\/team\\\/#primaryimage\",\"url\":\"https:\\\/\\\/cms-webdesign.ch\\\/medical\\\/wp-content\\\/uploads\\\/2025\\\/07\\\/DrTukezbanHuseynova.jpg\",\"contentUrl\":\"https:\\\/\\\/cms-webdesign.ch\\\/medical\\\/wp-content\\\/uploads\\\/2025\\\/07\\\/DrTukezbanHuseynova.jpg\"},{\"@type\":\"BreadcrumbList\",\"@id\":\"https:\\\/\\\/cms-webdesign.ch\\\/medical\\\/team\\\/#breadcrumb\",\"itemListElement\":[{\"@type\":\"ListItem\",\"position\":1,\"name\":\"Startseite\",\"item\":\"https:\\\/\\\/cms-webdesign.ch\\\/medical\\\/\"},{\"@type\":\"ListItem\",\"position\":2,\"name\":\"Team\"}]},{\"@type\":\"WebSite\",\"@id\":\"https:\\\/\\\/cms-webdesign.ch\\\/medical\\\/#website\",\"url\":\"https:\\\/\\\/cms-webdesign.ch\\\/medical\\\/\",\"name\":\"Medical NOVA\",\"description\":\"Ihre Experten f\u00fcr Sch\u00f6nheitsbehandlungen\",\"potentialAction\":[{\"@type\":\"SearchAction\",\"target\":{\"@type\":\"EntryPoint\",\"urlTemplate\":\"https:\\\/\\\/cms-webdesign.ch\\\/medical\\\/?s={search_term_string}\"},\"query-input\":{\"@type\":\"PropertyValueSpecification\",\"valueRequired\":true,\"valueName\":\"search_term_string\"}}],\"inLanguage\":\"en-GB\"}]}<\/script>\n<!-- \/ Yoast SEO plugin. -->","yoast_head_json":{"title":"Team - Medical NOVA","robots":{"index":"index","follow":"follow","max-snippet":"max-snippet:-1","max-image-preview":"max-image-preview:large","max-video-preview":"max-video-preview:-1"},"canonical":"https:\/\/cms-webdesign.ch\/medical\/en\/team\/","og_locale":"en_GB","og_type":"article","og_title":"Team - Medical NOVA","og_description":"Team \u00c4rztliche Leiterin bei Medical NOVA GmbH Fach\u00e4rztin f\u00fcr Augenheilkunde und Optometrie Ophthalmochirurgin Spezialistin f\u00fcr \u00c4sthetische Medizin Mehr Info","og_url":"https:\/\/cms-webdesign.ch\/medical\/en\/team\/","og_site_name":"Medical NOVA","article_modified_time":"2025-11-03T08:52:27+00:00","og_image":[{"url":"https:\/\/cms-webdesign.ch\/medical\/wp-content\/uploads\/2025\/07\/DrTukezbanHuseynova.jpg","type":"","width":"","height":""}],"twitter_card":"summary_large_image","twitter_misc":{"Est. reading time":"1 minute"},"schema":{"@context":"https:\/\/schema.org","@graph":[{"@type":"WebPage","@id":"https:\/\/cms-webdesign.ch\/medical\/team\/","url":"https:\/\/cms-webdesign.ch\/medical\/team\/","name":"Team - Medical NOVA","isPartOf":{"@id":"https:\/\/cms-webdesign.ch\/medical\/#website"},"primaryImageOfPage":{"@id":"https:\/\/cms-webdesign.ch\/medical\/team\/#primaryimage"},"image":{"@id":"https:\/\/cms-webdesign.ch\/medical\/team\/#primaryimage"},"thumbnailUrl":"https:\/\/cms-webdesign.ch\/medical\/wp-content\/uploads\/2025\/07\/DrTukezbanHuseynova.jpg","datePublished":"2025-07-17T12:25:13+00:00","dateModified":"2025-11-03T08:52:27+00:00","breadcrumb":{"@id":"https:\/\/cms-webdesign.ch\/medical\/team\/#breadcrumb"},"inLanguage":"en-GB","potentialAction":[{"@type":"ReadAction","target":["https:\/\/cms-webdesign.ch\/medical\/team\/"]}]},{"@type":"ImageObject","inLanguage":"en-GB","@id":"https:\/\/cms-webdesign.ch\/medical\/team\/#primaryimage","url":"https:\/\/cms-webdesign.ch\/medical\/wp-content\/uploads\/2025\/07\/DrTukezbanHuseynova.jpg","contentUrl":"https:\/\/cms-webdesign.ch\/medical\/wp-content\/uploads\/2025\/07\/DrTukezbanHuseynova.jpg"},{"@type":"BreadcrumbList","@id":"https:\/\/cms-webdesign.ch\/medical\/team\/#breadcrumb","itemListElement":[{"@type":"ListItem","position":1,"name":"Startseite","item":"https:\/\/cms-webdesign.ch\/medical\/"},{"@type":"ListItem","position":2,"name":"Team"}]},{"@type":"WebSite","@id":"https:\/\/cms-webdesign.ch\/medical\/#website","url":"https:\/\/cms-webdesign.ch\/medical\/","name":"Medical NOVA","description":"Your experts for beauty treatments","potentialAction":[{"@type":"SearchAction","target":{"@type":"EntryPoint","urlTemplate":"https:\/\/cms-webdesign.ch\/medical\/?s={search_term_string}"},"query-input":{"@type":"PropertyValueSpecification","valueRequired":true,"valueName":"search_term_string"}}],"inLanguage":"en-GB"}]}},"_links":{"self":[{"href":"https:\/\/cms-webdesign.ch\/medical\/en\/wp-json\/wp\/v2\/pages\/7160","targetHints":{"allow":["GET"]}}],"collection":[{"href":"https:\/\/cms-webdesign.ch\/medical\/en\/wp-json\/wp\/v2\/pages"}],"about":[{"href":"https:\/\/cms-webdesign.ch\/medical\/en\/wp-json\/wp\/v2\/types\/page"}],"author":[{"embeddable":true,"href":"https:\/\/cms-webdesign.ch\/medical\/en\/wp-json\/wp\/v2\/users\/1"}],"replies":[{"embeddable":true,"href":"https:\/\/cms-webdesign.ch\/medical\/en\/wp-json\/wp\/v2\/comments?post=7160"}],"version-history":[{"count":0,"href":"https:\/\/cms-webdesign.ch\/medical\/en\/wp-json\/wp\/v2\/pages\/7160\/revisions"}],"wp:attachment":[{"href":"https:\/\/cms-webdesign.ch\/medical\/en\/wp-json\/wp\/v2\/media?parent=7160"}],"curies":[{"name":"wp","href":"https:\/\/api.w.org\/{rel}","templated":true}]}}